{"id":1004,"date":"2020-10-09T13:39:05","date_gmt":"2020-10-09T13:39:05","guid":{"rendered":"http:\/\/shoptimizer.local\/?page_id=848"},"modified":"2025-11-19T14:20:49","modified_gmt":"2025-11-19T14:20:49","slug":"about","status":"publish","type":"page","link":"https:\/\/diamondfloortools.com\/de\/about\/","title":{"rendered":"\u00dcber"},"content":{"rendered":"<div data-elementor-type=\"wp-post\" data-elementor-id=\"1004\" class=\"elementor elementor-1004\">\n\t\t\t\t\t\t<section class=\"elementor-section elementor-top-section elementor-element elementor-element-28d7a9a8 elementor-section-stretched elementor-section-boxed elementor-section-height-default elementor-section-height-default\" data-id=\"28d7a9a8\" data-element_type=\"section\" data-e-type=\"section\" data-settings=\"{&quot;stretch_section&quot;:&quot;section-stretched&quot;,&quot;background_background&quot;:&quot;classic&quot;}\">\n\t\t\t\t\t\t<div class=\"elementor-container elementor-column-gap-no\">\n\t\t\t\t\t<div class=\"elementor-column elementor-col-100 elementor-top-column elementor-element elementor-element-585bfc6d\" data-id=\"585bfc6d\" data-element_type=\"column\" data-e-type=\"column\">\n\t\t\t<div class=\"elementor-widget-wrap elementor-element-populated\">\n\t\t\t\t\t\t<section class=\"elementor-section elementor-inner-section elementor-element elementor-element-35cbf0ea elementor-section-boxed elementor-section-height-default elementor-section-height-default\" data-id=\"35cbf0ea\" data-element_type=\"section\" data-e-type=\"section\">\n\t\t\t\t\t\t<div class=\"elementor-container elementor-column-gap-default\">\n\t\t\t\t\t<div class=\"elementor-column elementor-col-50 elementor-inner-column elementor-element elementor-element-26a1609a\" data-id=\"26a1609a\" data-element_type=\"column\" data-e-type=\"column\">\n\t\t\t<div class=\"elementor-widget-wrap elementor-element-populated\">\n\t\t\t\t\t\t<div class=\"elementor-element elementor-element-64a60170 elementor-invisible elementor-widget elementor-widget-heading\" data-id=\"64a60170\" data-element_type=\"widget\" data-e-type=\"widget\" data-settings=\"{&quot;_animation&quot;:&quot;fadeInUp&quot;}\" data-widget_type=\"heading.default\">\n\t\t\t\t<div class=\"elementor-widget-container\">\n\t\t\t\t\t<h1 class=\"elementor-heading-title elementor-size-default\">\u00dcber uns<\/h1>\t\t\t\t<\/div>\n\t\t\t\t<\/div>\n\t\t\t\t<div class=\"elementor-element elementor-element-3a6d1332 elementor-invisible elementor-widget elementor-widget-heading\" data-id=\"3a6d1332\" data-element_type=\"widget\" data-e-type=\"widget\" data-settings=\"{&quot;_animation&quot;:&quot;fadeInDown&quot;}\" data-widget_type=\"heading.default\">\n\t\t\t\t<div class=\"elementor-widget-container\">\n\t\t\t\t\t<h2 class=\"elementor-heading-title elementor-size-default\">Ihr bester Projektpartner\nVerschiedene L\u00f6sungen zur Unterst\u00fctzung von Bauherren\nHervorragende Arbeit mit Diamondfloor Tools abzuschlie\u00dfen<\/h2>\t\t\t\t<\/div>\n\t\t\t\t<\/div>\n\t\t\t\t\t<\/div>\n\t\t<\/div>\n\t\t\t\t<div class=\"elementor-column elementor-col-50 elementor-inner-column elementor-element elementor-element-bf6295e\" data-id=\"bf6295e\" data-element_type=\"column\" data-e-type=\"column\">\n\t\t\t<div class=\"elementor-widget-wrap\">\n\t\t\t\t\t\t\t<\/div>\n\t\t<\/div>\n\t\t\t\t\t<\/div>\n\t\t<\/section>\n\t\t\t\t\t<\/div>\n\t\t<\/div>\n\t\t\t\t\t<\/div>\n\t\t<\/section>\n\t\t\t\t<section class=\"elementor-section elementor-top-section elementor-element elementor-element-983905d elementor-section-boxed elementor-section-height-default elementor-section-height-default\" data-id=\"983905d\" data-element_type=\"section\" data-e-type=\"section\">\n\t\t\t\t\t\t<div class=\"elementor-container elementor-column-gap-wider\">\n\t\t\t\t\t<div class=\"elementor-column elementor-col-50 elementor-top-column elementor-element elementor-element-7310116 elementor-invisible\" data-id=\"7310116\" data-element_type=\"column\" data-e-type=\"column\" data-settings=\"{&quot;animation&quot;:&quot;fadeIn&quot;}\">\n\t\t\t<div class=\"elementor-widget-wrap elementor-element-populated\">\n\t\t\t\t\t\t<div class=\"elementor-element elementor-element-3d3af9e7 title-left elementor-widget elementor-widget-heading\" data-id=\"3d3af9e7\" data-element_type=\"widget\" data-e-type=\"widget\" data-widget_type=\"heading.default\">\n\t\t\t\t<div class=\"elementor-widget-container\">\n\t\t\t\t\t<h2 class=\"elementor-heading-title elementor-size-default\">UNSERE MISSION<\/h2>\t\t\t\t<\/div>\n\t\t\t\t<\/div>\n\t\t\t\t<div class=\"elementor-element elementor-element-e710402 elementor-widget elementor-widget-text-editor\" data-id=\"e710402\" data-element_type=\"widget\" data-e-type=\"widget\" data-widget_type=\"text-editor.default\">\n\t\t\t\t<div class=\"elementor-widget-container\">\n\t\t\t\t\t\t\t\t\t<p>Als ein weltweit einflussreicher Anbieter von professionellen Diamantwerkzeugen macht Diamondfloortools gemeinsam mit seinen Mitarbeitern Fortschritte und teilt den Erfolg. Wir widmen uns der Bereitstellung vielf\u00e4ltiger Bau- und Wohnl\u00f6sungen, die es jedem Bauherrn erm\u00f6glichen, Projekte effizienter abzuschlie\u00dfen.<\/p>\t\t\t\t\t\t\t\t<\/div>\n\t\t\t\t<\/div>\n\t\t\t\t\t<\/div>\n\t\t<\/div>\n\t\t\t\t<div class=\"elementor-column elementor-col-50 elementor-top-column elementor-element elementor-element-34c609e elementor-invisible\" data-id=\"34c609e\" data-element_type=\"column\" data-e-type=\"column\" data-settings=\"{&quot;animation&quot;:&quot;fadeIn&quot;,&quot;animation_delay&quot;:200}\">\n\t\t\t<div class=\"elementor-widget-wrap elementor-element-populated\">\n\t\t\t\t\t\t<div class=\"elementor-element elementor-element-c04a566 animated-fast elementor-invisible elementor-widget elementor-widget-image\" data-id=\"c04a566\" data-element_type=\"widget\" data-e-type=\"widget\" data-settings=\"{&quot;_animation&quot;:&quot;fadeIn&quot;}\" data-widget_type=\"image.default\">\n\t\t\t\t<div class=\"elementor-widget-container\">\n\t\t\t\t\t\t\t\t\t\t\t\t\t\t\t<img fetchpriority=\"high\" decoding=\"async\" width=\"600\" height=\"400\" src=\"https:\/\/diamondfloortools.com\/wp-content\/uploads\/2025\/11\/6206ee1c-60ff-4f4c-ac75-f1afd267ed9d-600x400.jpg\" class=\"attachment-tenweb_optimizer_mobile size-tenweb_optimizer_mobile wp-image-10665\" alt=\"\" srcset=\"https:\/\/diamondfloortools.com\/wp-content\/uploads\/2025\/11\/6206ee1c-60ff-4f4c-ac75-f1afd267ed9d-600x400.jpg 600w, https:\/\/diamondfloortools.com\/wp-content\/uploads\/2025\/11\/6206ee1c-60ff-4f4c-ac75-f1afd267ed9d-300x200.jpg 300w, https:\/\/diamondfloortools.com\/wp-content\/uploads\/2025\/11\/6206ee1c-60ff-4f4c-ac75-f1afd267ed9d-1024x683.jpg 1024w, https:\/\/diamondfloortools.com\/wp-content\/uploads\/2025\/11\/6206ee1c-60ff-4f4c-ac75-f1afd267ed9d-768x512.jpg 768w, https:\/\/diamondfloortools.com\/wp-content\/uploads\/2025\/11\/6206ee1c-60ff-4f4c-ac75-f1afd267ed9d-1536x1025.jpg 1536w, https:\/\/diamondfloortools.com\/wp-content\/uploads\/2025\/11\/6206ee1c-60ff-4f4c-ac75-f1afd267ed9d-2048x1366.jpg 2048w, https:\/\/diamondfloortools.com\/wp-content\/uploads\/2025\/11\/6206ee1c-60ff-4f4c-ac75-f1afd267ed9d-18x12.jpg 18w, https:\/\/diamondfloortools.com\/wp-content\/uploads\/2025\/11\/6206ee1c-60ff-4f4c-ac75-f1afd267ed9d-990x660.jpg 990w, https:\/\/diamondfloortools.com\/wp-content\/uploads\/2025\/11\/6206ee1c-60ff-4f4c-ac75-f1afd267ed9d-441x294.jpg 441w, https:\/\/diamondfloortools.com\/wp-content\/uploads\/2025\/11\/6206ee1c-60ff-4f4c-ac75-f1afd267ed9d-800x534.jpg 800w, https:\/\/diamondfloortools.com\/wp-content\/uploads\/2025\/11\/6206ee1c-60ff-4f4c-ac75-f1afd267ed9d-150x100.jpg 150w\" sizes=\"(max-width: 600px) 100vw, 600px\" \/>\t\t\t\t\t\t\t\t\t\t\t\t\t\t\t<\/div>\n\t\t\t\t<\/div>\n\t\t\t\t\t<\/div>\n\t\t<\/div>\n\t\t\t\t\t<\/div>\n\t\t<\/section>\n\t\t\t\t<section class=\"elementor-section elementor-top-section elementor-element elementor-element-bb36c6f elementor-section-boxed elementor-section-height-default elementor-section-height-default\" data-id=\"bb36c6f\" data-element_type=\"section\" data-e-type=\"section\">\n\t\t\t\t\t\t<div class=\"elementor-container elementor-column-gap-wider\">\n\t\t\t\t\t<div class=\"elementor-column elementor-col-50 elementor-top-column elementor-element elementor-element-2880450 elementor-invisible\" data-id=\"2880450\" data-element_type=\"column\" data-e-type=\"column\" data-settings=\"{&quot;animation&quot;:&quot;fadeIn&quot;}\">\n\t\t\t<div class=\"elementor-widget-wrap elementor-element-populated\">\n\t\t\t\t\t\t<div class=\"elementor-element elementor-element-db9c3d4 animated-fast elementor-invisible elementor-widget elementor-widget-image\" data-id=\"db9c3d4\" data-element_type=\"widget\" data-e-type=\"widget\" data-settings=\"{&quot;_animation&quot;:&quot;fadeIn&quot;}\" data-widget_type=\"image.default\">\n\t\t\t\t<div class=\"elementor-widget-container\">\n\t\t\t\t\t\t\t\t\t\t\t\t\t\t\t<img decoding=\"async\" width=\"700\" height=\"700\" src=\"https:\/\/diamondfloortools.com\/wp-content\/uploads\/2025\/11\/94aeb675-1f6b-4aed-aea5-8a9eeb4cc4a7.jpg\" class=\"attachment-large size-large wp-image-10664\" alt=\"\" srcset=\"https:\/\/diamondfloortools.com\/wp-content\/uploads\/2025\/11\/94aeb675-1f6b-4aed-aea5-8a9eeb4cc4a7.jpg 700w, https:\/\/diamondfloortools.com\/wp-content\/uploads\/2025\/11\/94aeb675-1f6b-4aed-aea5-8a9eeb4cc4a7-300x300.jpg 300w, https:\/\/diamondfloortools.com\/wp-content\/uploads\/2025\/11\/94aeb675-1f6b-4aed-aea5-8a9eeb4cc4a7-150x150.jpg 150w, https:\/\/diamondfloortools.com\/wp-content\/uploads\/2025\/11\/94aeb675-1f6b-4aed-aea5-8a9eeb4cc4a7-12x12.jpg 12w, https:\/\/diamondfloortools.com\/wp-content\/uploads\/2025\/11\/94aeb675-1f6b-4aed-aea5-8a9eeb4cc4a7-441x441.jpg 441w, https:\/\/diamondfloortools.com\/wp-content\/uploads\/2025\/11\/94aeb675-1f6b-4aed-aea5-8a9eeb4cc4a7-600x600.jpg 600w, https:\/\/diamondfloortools.com\/wp-content\/uploads\/2025\/11\/94aeb675-1f6b-4aed-aea5-8a9eeb4cc4a7-100x100.jpg 100w\" sizes=\"(max-width: 700px) 100vw, 700px\" \/>\t\t\t\t\t\t\t\t\t\t\t\t\t\t\t<\/div>\n\t\t\t\t<\/div>\n\t\t\t\t\t<\/div>\n\t\t<\/div>\n\t\t\t\t<div class=\"elementor-column elementor-col-50 elementor-top-column elementor-element elementor-element-7899afa elementor-invisible\" data-id=\"7899afa\" data-element_type=\"column\" data-e-type=\"column\" data-settings=\"{&quot;animation&quot;:&quot;fadeIn&quot;,&quot;animation_delay&quot;:200}\">\n\t\t\t<div class=\"elementor-widget-wrap elementor-element-populated\">\n\t\t\t\t\t\t<div class=\"elementor-element elementor-element-af7dfd6 title-right elementor-widget elementor-widget-heading\" data-id=\"af7dfd6\" data-element_type=\"widget\" data-e-type=\"widget\" data-widget_type=\"heading.default\">\n\t\t\t\t<div class=\"elementor-widget-container\">\n\t\t\t\t\t<h2 class=\"elementor-heading-title elementor-size-default\">UNSERE LEISTUNGEN<\/h2>\t\t\t\t<\/div>\n\t\t\t\t<\/div>\n\t\t\t\t<div class=\"elementor-element elementor-element-04da751 elementor-widget elementor-widget-text-editor\" data-id=\"04da751\" data-element_type=\"widget\" data-e-type=\"widget\" data-widget_type=\"text-editor.default\">\n\t\t\t\t<div class=\"elementor-widget-container\">\n\t\t\t\t\t\t\t\t\t<p>In den letzten 5 Jahren hat Diamondfloortools qualitativ hochwertige Diamantwerkzeuge in \u00fcber 100 L\u00e4nder und Regionen geliefert. Wir haben uns dem Aufbau einer weltweit einflussreichen Marke f\u00fcr Diamantwerkzeuge verschrieben, bieten professionelle Dienstleistungen und hochwertige Produkte an und wachsen gemeinsam mit unseren Kunden.<\/p>\t\t\t\t\t\t\t\t<\/div>\n\t\t\t\t<\/div>\n\t\t\t\t\t<\/div>\n\t\t<\/div>\n\t\t\t\t\t<\/div>\n\t\t<\/section>\n\t\t\t\t<section class=\"elementor-section elementor-top-section elementor-element elementor-element-338b57d elementor-section-boxed elementor-section-height-default elementor-section-height-default\" data-id=\"338b57d\" data-element_type=\"section\" data-e-type=\"section\">\n\t\t\t\t\t\t<div class=\"elementor-container elementor-column-gap-wider\">\n\t\t\t\t\t<div class=\"elementor-column elementor-col-50 elementor-top-column elementor-element elementor-element-e30bac7 elementor-invisible\" data-id=\"e30bac7\" data-element_type=\"column\" data-e-type=\"column\" data-settings=\"{&quot;animation&quot;:&quot;fadeIn&quot;}\">\n\t\t\t<div class=\"elementor-widget-wrap elementor-element-populated\">\n\t\t\t\t\t\t<div class=\"elementor-element elementor-element-f97861c title-left elementor-widget elementor-widget-heading\" data-id=\"f97861c\" data-element_type=\"widget\" data-e-type=\"widget\" data-widget_type=\"heading.default\">\n\t\t\t\t<div class=\"elementor-widget-container\">\n\t\t\t\t\t<h2 class=\"elementor-heading-title elementor-size-default\">Warum Diamondfloorools.com<\/h2>\t\t\t\t<\/div>\n\t\t\t\t<\/div>\n\t\t\t\t<div class=\"elementor-element elementor-element-740daea elementor-widget elementor-widget-text-editor\" data-id=\"740daea\" data-element_type=\"widget\" data-e-type=\"widget\" data-widget_type=\"text-editor.default\">\n\t\t\t\t<div class=\"elementor-widget-container\">\n\t\t\t\t\t\t\t\t\t<p>Diamondfloortools verfeinert kontinuierlich seine Produktionsprozesse und stellt sicher, dass von der innovativen Produktentwicklung bis hin zum Pr\u00e4zisionsguss jeder Schritt durch strenge Qualit\u00e4tskontrollen und fortschrittliche Labortests unterst\u00fctzt wird. Dies erm\u00f6glicht es uns, professionelle Diamantwerkzeuge zu liefern, die f\u00fcr das Schneiden und Schleifen von Stein, Fliesen und Beton entwickelt wurden und die weltweit f\u00fcr ihre hohe Leistung, Pr\u00e4zision und lange Haltbarkeit in Industrie- und Bauanwendungen gesch\u00e4tzt werden.<\/p>\t\t\t\t\t\t\t\t<\/div>\n\t\t\t\t<\/div>\n\t\t\t\t\t<\/div>\n\t\t<\/div>\n\t\t\t\t<div class=\"elementor-column elementor-col-50 elementor-top-column elementor-element elementor-element-4938926 elementor-invisible\" data-id=\"4938926\" data-element_type=\"column\" data-e-type=\"column\" data-settings=\"{&quot;animation&quot;:&quot;fadeIn&quot;,&quot;animation_delay&quot;:200}\">\n\t\t\t<div class=\"elementor-widget-wrap elementor-element-populated\">\n\t\t\t\t\t\t<div class=\"elementor-element elementor-element-af85d13 animated-fast elementor-invisible elementor-widget elementor-widget-image\" data-id=\"af85d13\" data-element_type=\"widget\" data-e-type=\"widget\" data-settings=\"{&quot;_animation&quot;:&quot;fadeIn&quot;}\" data-widget_type=\"image.default\">\n\t\t\t\t<div class=\"elementor-widget-container\">\n\t\t\t\t\t\t\t\t\t\t\t\t\t\t\t<img decoding=\"async\" width=\"1024\" height=\"576\" src=\"https:\/\/diamondfloortools.com\/wp-content\/uploads\/2025\/11\/babf17f6-6502-4909-ae48-856d42d43853-1024x576.jpg\" class=\"attachment-large size-large wp-image-10662\" alt=\"\" srcset=\"https:\/\/diamondfloortools.com\/wp-content\/uploads\/2025\/11\/babf17f6-6502-4909-ae48-856d42d43853-1024x576.jpg 1024w, https:\/\/diamondfloortools.com\/wp-content\/uploads\/2025\/11\/babf17f6-6502-4909-ae48-856d42d43853-300x169.jpg 300w, https:\/\/diamondfloortools.com\/wp-content\/uploads\/2025\/11\/babf17f6-6502-4909-ae48-856d42d43853-768x432.jpg 768w, https:\/\/diamondfloortools.com\/wp-content\/uploads\/2025\/11\/babf17f6-6502-4909-ae48-856d42d43853-1536x864.jpg 1536w, https:\/\/diamondfloortools.com\/wp-content\/uploads\/2025\/11\/babf17f6-6502-4909-ae48-856d42d43853-18x10.jpg 18w, https:\/\/diamondfloortools.com\/wp-content\/uploads\/2025\/11\/babf17f6-6502-4909-ae48-856d42d43853-990x557.jpg 990w, https:\/\/diamondfloortools.com\/wp-content\/uploads\/2025\/11\/babf17f6-6502-4909-ae48-856d42d43853-441x248.jpg 441w, https:\/\/diamondfloortools.com\/wp-content\/uploads\/2025\/11\/babf17f6-6502-4909-ae48-856d42d43853-600x338.jpg 600w, https:\/\/diamondfloortools.com\/wp-content\/uploads\/2025\/11\/babf17f6-6502-4909-ae48-856d42d43853-800x450.jpg 800w, https:\/\/diamondfloortools.com\/wp-content\/uploads\/2025\/11\/babf17f6-6502-4909-ae48-856d42d43853-150x84.jpg 150w, https:\/\/diamondfloortools.com\/wp-content\/uploads\/2025\/11\/babf17f6-6502-4909-ae48-856d42d43853.jpg 1920w\" sizes=\"(max-width: 1024px) 100vw, 1024px\" \/>\t\t\t\t\t\t\t\t\t\t\t\t\t\t\t<\/div>\n\t\t\t\t<\/div>\n\t\t\t\t\t<\/div>\n\t\t<\/div>\n\t\t\t\t\t<\/div>\n\t\t<\/section>\n\t\t\t\t<section class=\"elementor-section elementor-top-section elementor-element elementor-element-3f0d893 elementor-section-boxed elementor-section-height-default elementor-section-height-default\" data-id=\"3f0d893\" data-element_type=\"section\" data-e-type=\"section\">\n\t\t\t\t\t\t<div class=\"elementor-container elementor-column-gap-wider\">\n\t\t\t\t\t<div class=\"elementor-column elementor-col-50 elementor-top-column elementor-element elementor-element-f96ce1e elementor-invisible\" data-id=\"f96ce1e\" data-element_type=\"column\" data-e-type=\"column\" data-settings=\"{&quot;animation&quot;:&quot;fadeIn&quot;}\">\n\t\t\t<div class=\"elementor-widget-wrap elementor-element-populated\">\n\t\t\t\t\t\t<div class=\"elementor-element elementor-element-a5778cc animated-fast elementor-invisible elementor-widget elementor-widget-image\" data-id=\"a5778cc\" data-element_type=\"widget\" data-e-type=\"widget\" data-settings=\"{&quot;_animation&quot;:&quot;fadeIn&quot;}\" data-widget_type=\"image.default\">\n\t\t\t\t<div class=\"elementor-widget-container\">\n\t\t\t\t\t\t\t\t\t\t\t\t\t\t\t<img loading=\"lazy\" decoding=\"async\" width=\"700\" height=\"700\" src=\"https:\/\/diamondfloortools.com\/wp-content\/uploads\/2025\/11\/f6f2fec9-1a98-4015-a5f6-996f6263efcc.jpg\" class=\"attachment-large size-large wp-image-10663\" alt=\"\" srcset=\"https:\/\/diamondfloortools.com\/wp-content\/uploads\/2025\/11\/f6f2fec9-1a98-4015-a5f6-996f6263efcc.jpg 700w, https:\/\/diamondfloortools.com\/wp-content\/uploads\/2025\/11\/f6f2fec9-1a98-4015-a5f6-996f6263efcc-300x300.jpg 300w, https:\/\/diamondfloortools.com\/wp-content\/uploads\/2025\/11\/f6f2fec9-1a98-4015-a5f6-996f6263efcc-150x150.jpg 150w, https:\/\/diamondfloortools.com\/wp-content\/uploads\/2025\/11\/f6f2fec9-1a98-4015-a5f6-996f6263efcc-12x12.jpg 12w, https:\/\/diamondfloortools.com\/wp-content\/uploads\/2025\/11\/f6f2fec9-1a98-4015-a5f6-996f6263efcc-441x441.jpg 441w, https:\/\/diamondfloortools.com\/wp-content\/uploads\/2025\/11\/f6f2fec9-1a98-4015-a5f6-996f6263efcc-600x600.jpg 600w, https:\/\/diamondfloortools.com\/wp-content\/uploads\/2025\/11\/f6f2fec9-1a98-4015-a5f6-996f6263efcc-100x100.jpg 100w\" sizes=\"(max-width: 700px) 100vw, 700px\" \/>\t\t\t\t\t\t\t\t\t\t\t\t\t\t\t<\/div>\n\t\t\t\t<\/div>\n\t\t\t\t\t<\/div>\n\t\t<\/div>\n\t\t\t\t<div class=\"elementor-column elementor-col-50 elementor-top-column elementor-element elementor-element-bc0ca9c elementor-invisible\" data-id=\"bc0ca9c\" data-element_type=\"column\" data-e-type=\"column\" data-settings=\"{&quot;animation&quot;:&quot;fadeIn&quot;,&quot;animation_delay&quot;:200}\">\n\t\t\t<div class=\"elementor-widget-wrap elementor-element-populated\">\n\t\t\t\t\t\t<div class=\"elementor-element elementor-element-32ffb45 title-right elementor-widget elementor-widget-heading\" data-id=\"32ffb45\" data-element_type=\"widget\" data-e-type=\"widget\" data-widget_type=\"heading.default\">\n\t\t\t\t<div class=\"elementor-widget-container\">\n\t\t\t\t\t<h2 class=\"elementor-heading-title elementor-size-default\">UNSERE VISION<\/h2>\t\t\t\t<\/div>\n\t\t\t\t<\/div>\n\t\t\t\t<div class=\"elementor-element elementor-element-7fe5e3e elementor-widget elementor-widget-text-editor\" data-id=\"7fe5e3e\" data-element_type=\"widget\" data-e-type=\"widget\" data-widget_type=\"text-editor.default\">\n\t\t\t\t<div class=\"elementor-widget-container\">\n\t\t\t\t\t\t\t\t\t<p>Um ein weltweit einflussreicher Lieferant von professionellen Diamantwerkzeugen zu werden, erm\u00f6glicht Diamondfloortools jedem, Projekte effizienter abzuschlie\u00dfen.<br \/>Ihr bester Projektpartner<br \/>Verschiedene L\u00f6sungen zur Unterst\u00fctzung von Bulidern<br \/>Ausgezeichnete Arbeit mit Diamondfloortools<\/p>\t\t\t\t\t\t\t\t<\/div>\n\t\t\t\t<\/div>\n\t\t\t\t\t<\/div>\n\t\t<\/div>\n\t\t\t\t\t<\/div>\n\t\t<\/section>\n\t\t\t\t<\/div>","protected":false},"excerpt":{"rendered":"<p>About us Your Best Project Partner Various Solutions to Help Buliders Complete Excellent Work with Diamondfloortools OUR MISSION As a globally influential supplier of professional diamond tools, Diamondfloortools makes progress together with our employees, and share the rewards of success. We dedicate to providing diverse construction and home solutions, empowering every builder to complete projects [&hellip;]<\/p>","protected":false},"author":1,"featured_media":0,"parent":0,"menu_order":0,"comment_status":"closed","ping_status":"closed","template":"template-fullwidth-no-heading.php","meta":{"_acf_changed":false,"footnotes":""},"class_list":["post-1004","page","type-page","status-publish","hentry"],"acf":[],"_hostinger_reach_plugin_has_subscription_block":false,"_hostinger_reach_plugin_is_elementor":false,"_links":{"self":[{"href":"https:\/\/diamondfloortools.com\/de\/wp-json\/wp\/v2\/pages\/1004","targetHints":{"allow":["GET"]}}],"collection":[{"href":"https:\/\/diamondfloortools.com\/de\/wp-json\/wp\/v2\/pages"}],"about":[{"href":"https:\/\/diamondfloortools.com\/de\/wp-json\/wp\/v2\/types\/page"}],"author":[{"embeddable":true,"href":"https:\/\/diamondfloortools.com\/de\/wp-json\/wp\/v2\/users\/1"}],"replies":[{"embeddable":true,"href":"https:\/\/diamondfloortools.com\/de\/wp-json\/wp\/v2\/comments?post=1004"}],"version-history":[{"count":9,"href":"https:\/\/diamondfloortools.com\/de\/wp-json\/wp\/v2\/pages\/1004\/revisions"}],"predecessor-version":[{"id":10669,"href":"https:\/\/diamondfloortools.com\/de\/wp-json\/wp\/v2\/pages\/1004\/revisions\/10669"}],"wp:attachment":[{"href":"https:\/\/diamondfloortools.com\/de\/wp-json\/wp\/v2\/media?parent=1004"}],"curies":[{"name":"wp","href":"https:\/\/api.w.org\/{rel}","templated":true}]}}