{"id":7654,"date":"2025-06-15T08:14:49","date_gmt":"2025-06-15T08:14:49","guid":{"rendered":"https:\/\/diamondfloortools.com\/product\/trapezoid-tools-quick-change-diamond-grinding-disc-square-lavina-grinder-polishing-pads-for-concrete-floor-stone-customized-oem-452\/"},"modified":"2025-12-30T07:13:58","modified_gmt":"2025-12-30T07:13:58","slug":"concrete-polishing-pads-triangle-diamond-metal-custom-hardness","status":"publish","type":"product","link":"https:\/\/diamondfloortools.com\/de\/produkt\/concrete-polishing-pads-triangle-diamond-metal-custom-hardness\/","title":{"rendered":"Concrete Polishing Pads &#8211; Triangle Diamond Metal, Custom Hardness"},"content":{"rendered":"<div class=\"attribute-layout\">\n<h2 class=\"att-title\">Wesentliche Merkmale<\/h2>\n<div class=\"attribute-info\">\n<h3>Branchenspezifische Attribute<\/h3>\n<div class=\"attribute-list\">\n<div class=\"attribute-item\">\n<div class=\"left\">Typ<\/div>\n<div class=\"right\"><span>Kombination aus Diamant und Metallpulver<\/span><\/div>\n<\/div>\n<div class=\"attribute-item\">\n<div class=\"left\">H\u00e4rte<\/div>\n<div class=\"right\"><span>Kundenspezifisch<\/span><\/div>\n<\/div>\n<div class=\"attribute-item\">\n<div class=\"left\">Form<\/div>\n<div class=\"right\"><span>DREIECK<\/span><\/div>\n<\/div>\n<div class=\"attribute-item\">\n<div class=\"left\">Dicke<\/div>\n<div class=\"right\"><span>Kundenspezifisch<\/span><\/div>\n<\/div>\n<\/div>\n<h3>Andere Attribute<\/h3>\n<div class=\"attribute-list\">\n<div class=\"attribute-item\">\n<div class=\"left\">Herkunftsort<\/div>\n<div class=\"right\"><span>China<\/span><\/div>\n<\/div>\n<div class=\"attribute-item\">\n<div class=\"left\">ma\u00dfgeschneiderte Unterst\u00fctzung<\/div>\n<div class=\"right\"><span>OEM, ODM<\/span><\/div>\n<\/div>\n<div class=\"attribute-item\">\n<div class=\"left\">Markenname<\/div>\n<div class=\"right\"><span>Diamant-Bodenwerkzeuge<\/span><\/div>\n<\/div>\n<div class=\"attribute-item\">\n<div class=\"left\">Modellnummer<\/div>\n<div class=\"right\"><span>HU<\/span><\/div>\n<\/div>\n<div class=\"attribute-item\">\n<div class=\"left\">Name des Produkts<\/div>\n<div class=\"right\"><span>Polierpads f\u00fcr Betonb\u00f6den Polierpads f\u00fcr Kunstharz<\/span><\/div>\n<\/div>\n<div class=\"attribute-item\">\n<div class=\"left\">Anmeldung<\/div>\n<div class=\"right\"><span>Beton Epoxid-Terrazzo<\/span><\/div>\n<\/div>\n<div class=\"attribute-item\">\n<div class=\"left\">Material:<\/div>\n<div class=\"right\"><span>Kombination aus Diamant und Metallpulver<\/span><\/div>\n<\/div>\n<div class=\"attribute-item\">\n<div class=\"left\">Segmentgr\u00f6\u00dfe:<\/div>\n<div class=\"right\"><span>32*15\/10*10<\/span><\/div>\n<\/div>\n<div class=\"attribute-item\">\n<div class=\"left\">Segment Typ:<\/div>\n<div class=\"right\"><span>Z-Form Form Segment<\/span><\/div>\n<\/div>\n<div class=\"attribute-item\">\n<div class=\"left\">Anleihe:<\/div>\n<div class=\"right\"><span>\"Extra weich, super weich, weich, mittel, hart, super hart, extra hart\"<\/span><\/div>\n<\/div>\n<div class=\"attribute-item\">\n<div class=\"left\">Angewandte Maschine:<\/div>\n<div class=\"right\"><span>Lavina, STI, HTC, Blastrac, Scanmaskin, Klindex, EDCO-Schleifmaschinen usw.<\/span><\/div>\n<\/div>\n<div class=\"attribute-item\">\n<div class=\"left\">Lieferf\u00e4higkeit:<\/div>\n<div class=\"right\"><span>50000 St\u00fcck\/St\u00fcck pro Monat<\/span><\/div>\n<\/div>\n<div class=\"attribute-item\">\n<div class=\"left\">Zertifizierung:<\/div>\n<div class=\"right\"><span>ISO9001, Kontrolle der Produktqualit\u00e4t<\/span><\/div>\n<\/div>\n<div class=\"attribute-item\">\n<div class=\"left\">MOQ:<\/div>\n<div class=\"right\"><span>9PCS<\/span><\/div>\n<\/div>\n<\/div>\n<h3>Verpackung und Lieferung<\/h3>\n<div class=\"attribute-list\">\n<div class=\"attribute-item\">\n<div class=\"left\">Verkaufte Einheiten\n<\/div>\n<div class=\"right\"><span>Einzelnes Element<\/span><\/div>\n<\/div>\n<div class=\"attribute-item\">\n<div class=\"left\">Einzelne Packungsgr\u00f6\u00dfe<\/div>\n<div class=\"right\"><span>31X26X30 cm<\/span><\/div>\n<\/div>\n<div class=\"attribute-item\">\n<div class=\"left\">Einfaches Bruttogewicht<\/div>\n<div class=\"right\"><span>0,250 kg<\/span><\/div>\n<\/div>\n<\/div>\n<\/div>\n<\/div>","protected":false},"excerpt":{"rendered":"<p>Key attributes Industry-specific attributes type Diamond and Metal Powder Combination Hardness Customized Shape TRIANGLE Thickness Customized Other attributes place of origin China customized support OEM, ODM brand name Diamondfloortools model number HU Product name concrete floor polishing pads resin polishing pads Application Concrete Epoxy Terrazzo Material: Diamond and Metal Powder Combination Segment Size: 32*15\/10*10 Segment [&hellip;]<\/p>","protected":false},"featured_media":9509,"comment_status":"closed","ping_status":"closed","template":"","meta":{"_acf_changed":false},"product_brand":[],"product_cat":[55,74],"product_tag":[],"class_list":{"0":"post-7654","1":"product","2":"type-product","3":"status-publish","4":"has-post-thumbnail","6":"product_cat-concrete-floor-grinding-tools","7":"product_cat-hus-qvarna-diamond-tooling","9":"first","10":"instock","11":"shipping-taxable","12":"product-type-simple"},"acf":[],"_links":{"self":[{"href":"https:\/\/diamondfloortools.com\/de\/wp-json\/wp\/v2\/product\/7654","targetHints":{"allow":["GET"]}}],"collection":[{"href":"https:\/\/diamondfloortools.com\/de\/wp-json\/wp\/v2\/product"}],"about":[{"href":"https:\/\/diamondfloortools.com\/de\/wp-json\/wp\/v2\/types\/product"}],"replies":[{"embeddable":true,"href":"https:\/\/diamondfloortools.com\/de\/wp-json\/wp\/v2\/comments?post=7654"}],"wp:featuredmedia":[{"embeddable":true,"href":"https:\/\/diamondfloortools.com\/de\/wp-json\/wp\/v2\/media\/9509"}],"wp:attachment":[{"href":"https:\/\/diamondfloortools.com\/de\/wp-json\/wp\/v2\/media?parent=7654"}],"wp:term":[{"taxonomy":"product_brand","embeddable":true,"href":"https:\/\/diamondfloortools.com\/de\/wp-json\/wp\/v2\/product_brand?post=7654"},{"taxonomy":"product_cat","embeddable":true,"href":"https:\/\/diamondfloortools.com\/de\/wp-json\/wp\/v2\/product_cat?post=7654"},{"taxonomy":"product_tag","embeddable":true,"href":"https:\/\/diamondfloortools.com\/de\/wp-json\/wp\/v2\/product_tag?post=7654"}],"curies":[{"name":"wp","href":"https:\/\/api.w.org\/{rel}","templated":true}]}}